
{"id":145,"date":"2014-09-01T10:58:29","date_gmt":"2014-09-01T08:58:29","guid":{"rendered":"http:\/\/www.pascal-leval.fr\/?page_id=145"},"modified":"2019-06-21T11:00:54","modified_gmt":"2019-06-21T09:00:54","slug":"mentions-legales","status":"publish","type":"page","link":"https:\/\/www.pascal-leval.fr\/?page_id=145","title":{"rendered":"Mentions l\u00e9gales"},"content":{"rendered":"<h5>Informations l\u00e9gales<\/h5>\n<ul>\n<li>Propri\u00e9taire du site : Pascal L\u00c9VAL, Naturopathe<br \/>\nSIRET : 851 079 798 00019<br \/>\nAPE : 8690F<\/li>\n<li>Cr\u00e9ateur : Pascal L\u00c9VAL<\/li>\n<li>Responsable publication : Pascal L\u00c9VAL &#8211; <a title=\"Contact\" href=\"http:\/\/www.pascal-leval.fr\/?page_id=27\">Contact<\/a><\/li>\n<li>Webmaster : Pascal L\u00c9VAL &#8211; <a title=\"Contact\" href=\"http:\/\/www.pascal-leval.fr\/?page_id=27\">Contact<\/a><\/li>\n<li>H\u00e9bergeur :<br \/>\nAssociation &#8220;Alsace R\u00e9seau Neutre&#8221;<br \/>\n<a href=\"http:\/\/arn-fai.net\/\" target=\"_blank\" rel=\"noopener noreferrer\">http:\/\/arn-fai.net\/<\/a><\/li>\n<\/ul>\n<h5>Loi informatique et libert\u00e9s du 6 janvier 1978<\/h5>\n<p>Ce site a \u00e9t\u00e9 d\u00e9clar\u00e9 aupr\u00e8s de la CNIL (Commission Informatiques et Libert\u00e9s -France) en application de la loi du 06 Janvier 1978 relative \u00e0 l\u2019informatique, aux fichiers et aux libert\u00e9s sous le num\u00e9ro 1790744.<\/p>\n<p>Conform\u00e9ment \u00e0 la loi \u00ab informatique et libert\u00e9s \u00bb du 6 janvier 1978 modifi\u00e9e en 2004, vous b\u00e9n\u00e9ficiez d\u2019un droit d\u2019acc\u00e8s et de rectification aux informations qui vous concernent, que vous pouvez exercer en vous adressant \u00e0 :<\/p>\n<p style=\"text-align: center;\"><strong>Pascal L\u00c9VAL<\/strong><\/p>\n<p style=\"text-align: center;\"><strong>2 rue de la Laine<br \/>\n<\/strong><\/p>\n<p style=\"text-align: center;\"><strong>67160 WISSEMBOURG<\/strong><\/p>\n<p>Vous pouvez \u00e9galement, pour des motifs l\u00e9gitimes, vous opposer au traitement des donn\u00e9es vous concernant.<\/p>\n<h5>Propri\u00e9t\u00e9 intellectuelle<\/h5>\n<p>Le contenu textuel de ce site \u00ab www.pascal-leval.fr \u00bb est sous licence libre <a href=\"http:\/\/creativecommons.org\/licenses\/by-sa\/3.0\/deed.fr\" target=\"_blank\" rel=\"noopener noreferrer\">CC-BY-SA<\/a>.<\/p>\n<p>Ceci signifie que vous \u00eates libres\u00a0:<\/p>\n<ul>\n<li>de reproduire, distribuer et communiquer cette cr\u00e9ation au public\u00a0;<\/li>\n<li>de modifier cette cr\u00e9ation selon les conditions suivantes\u00a0:\n<ul>\n<li><i>Paternit\u00e9<\/i> \u2014 Vous devez citer le nom de l&#8217;auteur original de la mani\u00e8re indiqu\u00e9e par l&#8217;auteur de l&#8217;\u0153uvre ou le titulaire des droits qui vous conf\u00e8re cette autorisation (mais pas d&#8217;une mani\u00e8re qui sugg\u00e8rerait qu&#8217;ils vous soutiennent ou approuvent votre utilisation de l&#8217;\u0153uvre)\u00a0;<\/li>\n<\/ul>\n<ul>\n<li><i>Partage des conditions initiales \u00e0 l&#8217;identique<\/i> \u2014 Si vous modifiez, transformez ou adaptez cette cr\u00e9ation, vous n&#8217;avez le droit de distribuer la cr\u00e9ation qui en r\u00e9sulte que sous un contrat identique \u00e0 celui-ci.<\/li>\n<\/ul>\n<\/li>\n<\/ul>\n<h5>Graphisme<\/h5>\n<p>Conception de la banni\u00e8re : Rapha\u00eblle Vierling.<\/p>\n","protected":false},"excerpt":{"rendered":"<p>Informations l\u00e9gales Propri\u00e9taire du site : Pascal L\u00c9VAL, Naturopathe SIRET : 851 079 798 00019 APE : 8690F Cr\u00e9ateur : Pascal L\u00c9VAL Responsable publication : Pascal L\u00c9VAL &#8211; Contact Webmaster : Pascal L\u00c9VAL &#8211; Contact H\u00e9bergeur : Association &#8220;Alsace R\u00e9seau Neutre&#8221; http:\/\/arn-fai.net\/ Loi informatique et libert\u00e9s du 6 janvier 1978 Ce site a \u00e9t\u00e9 d\u00e9clar\u00e9 &hellip; <a href=\"https:\/\/www.pascal-leval.fr\/?page_id=145\" class=\"more-link\">Continuer la lecture de <span class=\"screen-reader-text\">Mentions l\u00e9gales<\/span> <span class=\"meta-nav\">&rarr;<\/span><\/a><\/p>\n","protected":false},"author":1,"featured_media":0,"parent":0,"menu_order":0,"comment_status":"closed","ping_status":"open","template":"","meta":{"footnotes":""},"class_list":["post-145","page","type-page","status-publish","hentry"],"_links":{"self":[{"href":"https:\/\/www.pascal-leval.fr\/index.php?rest_route=\/wp\/v2\/pages\/145","targetHints":{"allow":["GET"]}}],"collection":[{"href":"https:\/\/www.pascal-leval.fr\/index.php?rest_route=\/wp\/v2\/pages"}],"about":[{"href":"https:\/\/www.pascal-leval.fr\/index.php?rest_route=\/wp\/v2\/types\/page"}],"author":[{"embeddable":true,"href":"https:\/\/www.pascal-leval.fr\/index.php?rest_route=\/wp\/v2\/users\/1"}],"replies":[{"embeddable":true,"href":"https:\/\/www.pascal-leval.fr\/index.php?rest_route=%2Fwp%2Fv2%2Fcomments&post=145"}],"version-history":[{"count":13,"href":"https:\/\/www.pascal-leval.fr\/index.php?rest_route=\/wp\/v2\/pages\/145\/revisions"}],"predecessor-version":[{"id":901,"href":"https:\/\/www.pascal-leval.fr\/index.php?rest_route=\/wp\/v2\/pages\/145\/revisions\/901"}],"wp:attachment":[{"href":"https:\/\/www.pascal-leval.fr\/index.php?rest_route=%2Fwp%2Fv2%2Fmedia&parent=145"}],"curies":[{"name":"wp","href":"https:\/\/api.w.org\/{rel}","templated":true}]}}