
{"id":6,"date":"2014-03-08T10:38:39","date_gmt":"2014-03-08T09:38:39","guid":{"rendered":"http:\/\/www.pascal-leval.fr\/?page_id=6"},"modified":"2024-01-10T10:28:25","modified_gmt":"2024-01-10T09:28:25","slug":"pascal-leval","status":"publish","type":"page","link":"https:\/\/www.pascal-leval.fr\/","title":{"rendered":"Qui suis-je ?"},"content":{"rendered":"<div class=\"wp-block-image is-style-rounded\">\n<figure class=\"alignleft size-medium\"><a href=\"https:\/\/www.pascal-leval.fr\/wp-content\/uploads\/2021\/07\/IMG_2288_portrait-large.jpg\"><img loading=\"lazy\" decoding=\"async\" width=\"282\" height=\"300\" src=\"https:\/\/www.pascal-leval.fr\/wp-content\/uploads\/2021\/07\/IMG_2288_portrait-large-282x300.jpg\" alt=\"Portrait Pascal L\u00e9val\" class=\"wp-image-1051\" srcset=\"https:\/\/www.pascal-leval.fr\/wp-content\/uploads\/2021\/07\/IMG_2288_portrait-large-282x300.jpg 282w, https:\/\/www.pascal-leval.fr\/wp-content\/uploads\/2021\/07\/IMG_2288_portrait-large-963x1024.jpg 963w, https:\/\/www.pascal-leval.fr\/wp-content\/uploads\/2021\/07\/IMG_2288_portrait-large-768x816.jpg 768w, https:\/\/www.pascal-leval.fr\/wp-content\/uploads\/2021\/07\/IMG_2288_portrait-large-600x638.jpg 600w, https:\/\/www.pascal-leval.fr\/wp-content\/uploads\/2021\/07\/IMG_2288_portrait-large-1445x1536.jpg 1445w, https:\/\/www.pascal-leval.fr\/wp-content\/uploads\/2021\/07\/IMG_2288_portrait-large.jpg 1464w\" sizes=\"auto, (max-width: 282px) 100vw, 282px\" \/><\/a><\/figure><\/div>\n\n<p><strong>Diverses raisons m&#8217;ont pouss\u00e9 \u00e0 cesser mon activit\u00e9 de naturopathe. Je ne peux donc pas vous recevoir en consultation. Pour un suivi en naturopathie \u00e0 Wissembourg, vous pouvez contacter de ma part Mme D\u00e9borah R\u00e9mery au 06 52 02 76 20 &#8211; <a href=\"https:\/\/www.debonaturo.com\/\" target=\"_blank\" rel=\"noopener\">www.debonaturo.com<\/a>. Merci pour votre compr\u00e9hension.<\/strong><\/p>\n<p><a href=\"https:\/\/www.leval.info\"><strong>Pour acc\u00e9der \u00e0 mon site d&#8217;informatique cliquer ici<\/strong><\/a><\/p>\n<p style=\"text-align: center;\">\u00a0 \u00a0<a href=\"http:\/\/www.bevr.fr\" target=\"_blank\" rel=\"noopener noreferrer\">\u00a0\u00a0\u00a0\u00a0<\/a><\/p>","protected":false},"excerpt":{"rendered":"<p>Diverses raisons m&#8217;ont pouss\u00e9 \u00e0 cesser mon activit\u00e9 de naturopathe. Je ne peux donc pas vous recevoir en consultation. Pour un suivi en naturopathie \u00e0 Wissembourg, vous pouvez contacter de ma part Mme D\u00e9borah R\u00e9mery au 06 52 02 76 20 &#8211; www.debonaturo.com. Merci pour votre compr\u00e9hension. Pour acc\u00e9der \u00e0 mon site d&#8217;informatique cliquer ici &hellip; <a href=\"https:\/\/www.pascal-leval.fr\/\" class=\"more-link\">Continuer la lecture de <span class=\"screen-reader-text\">Qui suis-je ?<\/span> <span class=\"meta-nav\">&rarr;<\/span><\/a><\/p>\n","protected":false},"author":1,"featured_media":0,"parent":0,"menu_order":0,"comment_status":"closed","ping_status":"open","template":"","meta":{"footnotes":""},"class_list":["post-6","page","type-page","status-publish","hentry"],"_links":{"self":[{"href":"https:\/\/www.pascal-leval.fr\/index.php?rest_route=\/wp\/v2\/pages\/6","targetHints":{"allow":["GET"]}}],"collection":[{"href":"https:\/\/www.pascal-leval.fr\/index.php?rest_route=\/wp\/v2\/pages"}],"about":[{"href":"https:\/\/www.pascal-leval.fr\/index.php?rest_route=\/wp\/v2\/types\/page"}],"author":[{"embeddable":true,"href":"https:\/\/www.pascal-leval.fr\/index.php?rest_route=\/wp\/v2\/users\/1"}],"replies":[{"embeddable":true,"href":"https:\/\/www.pascal-leval.fr\/index.php?rest_route=%2Fwp%2Fv2%2Fcomments&post=6"}],"version-history":[{"count":100,"href":"https:\/\/www.pascal-leval.fr\/index.php?rest_route=\/wp\/v2\/pages\/6\/revisions"}],"predecessor-version":[{"id":1125,"href":"https:\/\/www.pascal-leval.fr\/index.php?rest_route=\/wp\/v2\/pages\/6\/revisions\/1125"}],"wp:attachment":[{"href":"https:\/\/www.pascal-leval.fr\/index.php?rest_route=%2Fwp%2Fv2%2Fmedia&parent=6"}],"curies":[{"name":"wp","href":"https:\/\/api.w.org\/{rel}","templated":true}]}}